{"id":58473,"date":"2022-11-15T14:00:45","date_gmt":"2022-11-15T14:00:45","guid":{"rendered":"https:\/\/orix.uy\/sitio2024\/?post_type=product&#038;p=58473"},"modified":"2025-04-05T15:37:58","modified_gmt":"2025-04-05T15:37:58","slug":"dije-la-figa-2","status":"publish","type":"product","link":"https:\/\/orix.com.uy\/sitio2024\/producto\/dije-la-figa-2\/","title":{"rendered":"DIJE LA FIGA"},"content":{"rendered":"<p>DIJE LA FIGA Este s\u00edmbolo atrae la buena suerte porque trabaja de una manera en la que puede transmutar las energ\u00edas negativas, mal de ojo, as\u00ed impidiendo que la mala suerte llegue a tocar al portador del pu\u00f1o de la suerte.<\/p>\n","protected":false},"excerpt":{"rendered":"<p>DIJE LA FIGA Este s\u00edmbolo atrae la buena suerte porque trabaja de una manera en la que puede transmutar las energ\u00edas negativas, mal de ojo, as\u00ed impidiendo que la mala suerte llegue a tocar al portador del pu\u00f1o de la suerte.<\/p>\n","protected":false},"featured_media":116910,"template":"","meta":{"_joinchat":[]},"product_cat":[27],"product_tag":[],"class_list":{"0":"post-58473","1":"product","2":"type-product","3":"status-publish","4":"has-post-thumbnail","6":"product_cat-dijes-ench-en-plata","8":"first","9":"instock","10":"shipping-taxable","11":"purchasable","12":"product-type-simple"},"_links":{"self":[{"href":"https:\/\/orix.com.uy\/sitio2024\/wp-json\/wp\/v2\/product\/58473","targetHints":{"allow":["GET"]}}],"collection":[{"href":"https:\/\/orix.com.uy\/sitio2024\/wp-json\/wp\/v2\/product"}],"about":[{"href":"https:\/\/orix.com.uy\/sitio2024\/wp-json\/wp\/v2\/types\/product"}],"wp:featuredmedia":[{"embeddable":true,"href":"https:\/\/orix.com.uy\/sitio2024\/wp-json\/wp\/v2\/media\/116910"}],"wp:attachment":[{"href":"https:\/\/orix.com.uy\/sitio2024\/wp-json\/wp\/v2\/media?parent=58473"}],"wp:term":[{"taxonomy":"product_cat","embeddable":true,"href":"https:\/\/orix.com.uy\/sitio2024\/wp-json\/wp\/v2\/product_cat?post=58473"},{"taxonomy":"product_tag","embeddable":true,"href":"https:\/\/orix.com.uy\/sitio2024\/wp-json\/wp\/v2\/product_tag?post=58473"}],"curies":[{"name":"wp","href":"https:\/\/api.w.org\/{rel}","templated":true}]}}