{"id":58169,"date":"2022-11-08T18:59:54","date_gmt":"2022-11-08T18:59:54","guid":{"rendered":"https:\/\/orix.uy\/sitio2024\/?post_type=product&#038;p=58169"},"modified":"2024-11-01T18:01:34","modified_gmt":"2024-11-01T18:01:34","slug":"dije-la-figa","status":"publish","type":"product","link":"https:\/\/orix.com.uy\/sitio2024\/producto\/dije-la-figa\/","title":{"rendered":"DIJE LA FIGA"},"content":{"rendered":"<p>Este s\u00edmbolo atrae la buena suerte\u00a0porque trabaja de una manera en la que puede transmutar las energ\u00edas negativas, mal de ojo, as\u00ed impidiendo que la mala suerte llegue a tocar al portador del pu\u00f1o de la suerte.<\/p>\n","protected":false},"excerpt":{"rendered":"<p>Este s\u00edmbolo atrae la buena suerte\u00a0porque trabaja de una manera en la que puede transmutar las energ\u00edas negativas, mal de ojo, as\u00ed impidiendo que la mala suerte llegue a tocar al portador del pu\u00f1o de la suerte.<\/p>\n","protected":false},"featured_media":106167,"template":"","meta":{"_joinchat":[]},"product_cat":[1347],"product_tag":[],"class_list":{"0":"post-58169","1":"product","2":"type-product","3":"status-publish","4":"has-post-thumbnail","6":"product_cat-dijes-ench-oro","8":"first","9":"instock","10":"shipping-taxable","11":"purchasable","12":"product-type-simple"},"_links":{"self":[{"href":"https:\/\/orix.com.uy\/sitio2024\/wp-json\/wp\/v2\/product\/58169","targetHints":{"allow":["GET"]}}],"collection":[{"href":"https:\/\/orix.com.uy\/sitio2024\/wp-json\/wp\/v2\/product"}],"about":[{"href":"https:\/\/orix.com.uy\/sitio2024\/wp-json\/wp\/v2\/types\/product"}],"wp:featuredmedia":[{"embeddable":true,"href":"https:\/\/orix.com.uy\/sitio2024\/wp-json\/wp\/v2\/media\/106167"}],"wp:attachment":[{"href":"https:\/\/orix.com.uy\/sitio2024\/wp-json\/wp\/v2\/media?parent=58169"}],"wp:term":[{"taxonomy":"product_cat","embeddable":true,"href":"https:\/\/orix.com.uy\/sitio2024\/wp-json\/wp\/v2\/product_cat?post=58169"},{"taxonomy":"product_tag","embeddable":true,"href":"https:\/\/orix.com.uy\/sitio2024\/wp-json\/wp\/v2\/product_tag?post=58169"}],"curies":[{"name":"wp","href":"https:\/\/api.w.org\/{rel}","templated":true}]}}