{"id":37325,"date":"2021-06-16T14:43:11","date_gmt":"2021-06-16T14:43:11","guid":{"rendered":"http:\/\/orix.com.uy\/web\/?page_id=37325"},"modified":"2021-06-16T14:43:15","modified_gmt":"2021-06-16T14:43:15","slug":"tu-compra-en-3-pasos","status":"publish","type":"page","link":"https:\/\/orix.com.uy\/sitio2024\/tu-compra-en-3-pasos\/","title":{"rendered":"Tu compra en 3 pasos"},"content":{"rendered":"\n<hr class=\"wp-block-separator\"\/>\n\n\n\n<ol class=\"wp-block-list\" type=\"1\"><li>Realiza tu compra en nuestra web adicionando al carrito la mercader\u00eda que desees sumando un m\u00ednimo de compra de $ 1500. Al finalizar la compra ingresa tus datos para generar un usuario y as\u00ed puedas hacer el seguimiento de tu compra y nosotros contactarte f\u00e1cilmente. Una vez finalizada la compra y el registro, te llegara un mail a la casilla de correo que proporcionaste confirmado el pedido.<\/li><li>Cuando uno de nuestros vendedores comience a preparar tu pedido, se contactara directamente contigo para ultimar detalles, te proporcionaran el valor final de la compra y acordaran la forma de pago y env\u00edo<\/li><li>Una vez que realices el pago y le informes al vendedor, se proceder\u00e1 a realizar la factura y env\u00edo, o quedara listo para ser retirado de la sucursal por quien tu dispongas.<br><br><\/li><\/ol>\n\n\n\n<p><\/p>\n","protected":false},"excerpt":{"rendered":"<p>Realiza tu compra en nuestra web adicionando al carrito la mercader\u00eda que desees sumando un m\u00ednimo de compra de $ 1500. Al finalizar la compra ingresa tus datos para generar un usuario y as\u00ed puedas hacer el seguimiento de tu compra y nosotros contactarte f\u00e1cilmente. Una vez finalizada la compra [&hellip;]<\/p>\n","protected":false},"author":1,"featured_media":0,"parent":0,"menu_order":0,"comment_status":"closed","ping_status":"closed","template":"","meta":{"_joinchat":[],"footnotes":""},"class_list":["post-37325","page","type-page","status-publish","hentry"],"_links":{"self":[{"href":"https:\/\/orix.com.uy\/sitio2024\/wp-json\/wp\/v2\/pages\/37325","targetHints":{"allow":["GET"]}}],"collection":[{"href":"https:\/\/orix.com.uy\/sitio2024\/wp-json\/wp\/v2\/pages"}],"about":[{"href":"https:\/\/orix.com.uy\/sitio2024\/wp-json\/wp\/v2\/types\/page"}],"author":[{"embeddable":true,"href":"https:\/\/orix.com.uy\/sitio2024\/wp-json\/wp\/v2\/users\/1"}],"replies":[{"embeddable":true,"href":"https:\/\/orix.com.uy\/sitio2024\/wp-json\/wp\/v2\/comments?post=37325"}],"version-history":[{"count":1,"href":"https:\/\/orix.com.uy\/sitio2024\/wp-json\/wp\/v2\/pages\/37325\/revisions"}],"predecessor-version":[{"id":37327,"href":"https:\/\/orix.com.uy\/sitio2024\/wp-json\/wp\/v2\/pages\/37325\/revisions\/37327"}],"wp:attachment":[{"href":"https:\/\/orix.com.uy\/sitio2024\/wp-json\/wp\/v2\/media?parent=37325"}],"curies":[{"name":"wp","href":"https:\/\/api.w.org\/{rel}","templated":true}]}}